{"id":195,"date":"2017-03-29T06:55:10","date_gmt":"2017-03-29T04:55:10","guid":{"rendered":"https:\/\/happy-inn.progressionstudios.com\/?page_id=195"},"modified":"2021-04-20T14:31:50","modified_gmt":"2021-04-20T12:31:50","slug":"feste-feiern","status":"publish","type":"page","link":"https:\/\/www.oberer-wirt.de\/cms\/feste-feiern\/","title":{"rendered":"Feste &#038; Feiern"},"content":{"rendered":"\t\t<div data-elementor-type=\"wp-page\" data-elementor-id=\"195\" class=\"elementor elementor-195\" data-elementor-settings=\"[]\">\n\t\t\t\t\t\t\t<div class=\"elementor-section-wrap\">\n\t\t\t\t\t\t\t<section class=\"elementor-section elementor-top-section elementor-element elementor-element-xlr66b9 elementor-section-boxed elementor-section-height-default elementor-section-height-default\" data-id=\"xlr66b9\" data-element_type=\"section\">\n\t\t\t\t\t\t<div class=\"elementor-container elementor-column-gap-default\">\n\t\t\t\t\t<div class=\"elementor-column elementor-col-100 elementor-top-column elementor-element elementor-element-qyi6k9t\" data-id=\"qyi6k9t\" data-element_type=\"column\">\n\t\t\t<div class=\"elementor-widget-wrap elementor-element-populated\">\n\t\t\t\t\t\t\t\t<div class=\"elementor-element elementor-element-j69y8yw elementor-widget elementor-widget-image\" data-id=\"j69y8yw\" data-element_type=\"widget\" data-widget_type=\"image.default\">\n\t\t\t\t<div class=\"elementor-widget-container\">\n\t\t\t\t\t\t\t\t\t\t\t\t\t\t\t<img width=\"1200\" height=\"400\" src=\"https:\/\/www.oberer-wirt.de\/cms\/wp-content\/uploads\/2021\/04\/IMG-692.jpg\" class=\"attachment-full size-full\" alt=\"Festsaal 2\" loading=\"lazy\" srcset=\"https:\/\/www.oberer-wirt.de\/cms\/wp-content\/uploads\/2021\/04\/IMG-692.jpg 1200w, https:\/\/www.oberer-wirt.de\/cms\/wp-content\/uploads\/2021\/04\/IMG-692-300x100.jpg 300w, https:\/\/www.oberer-wirt.de\/cms\/wp-content\/uploads\/2021\/04\/IMG-692-1024x341.jpg 1024w, https:\/\/www.oberer-wirt.de\/cms\/wp-content\/uploads\/2021\/04\/IMG-692-768x256.jpg 768w\" sizes=\"(max-width: 1200px) 100vw, 1200px\" \/>\t\t\t\t\t\t\t\t\t\t\t\t\t\t\t<\/div>\n\t\t\t\t<\/div>\n\t\t\t\t\t<\/div>\n\t\t<\/div>\n\t\t\t\t\t\t\t<\/div>\n\t\t<\/section>\n\t\t\t\t<section class=\"elementor-section elementor-top-section elementor-element elementor-element-bt6moya elementor-section-boxed elementor-section-height-default elementor-section-height-default\" data-id=\"bt6moya\" data-element_type=\"section\">\n\t\t\t\t\t\t<div class=\"elementor-container elementor-column-gap-default\">\n\t\t\t\t\t<div class=\"elementor-column elementor-col-50 elementor-top-column elementor-element elementor-element-clszlbz\" data-id=\"clszlbz\" data-element_type=\"column\">\n\t\t\t<div class=\"elementor-widget-wrap elementor-element-populated\">\n\t\t\t\t\t\t\t\t<div class=\"elementor-element elementor-element-72wrb4i elementor-widget elementor-widget-heading\" data-id=\"72wrb4i\" data-element_type=\"widget\" data-widget_type=\"heading.default\">\n\t\t\t\t<div class=\"elementor-widget-container\">\n\t\t\t<h4 class=\"elementor-heading-title elementor-size-default\">Grosser Festsaal<\/h4>\t\t<\/div>\n\t\t\t\t<\/div>\n\t\t\t\t<div class=\"elementor-element elementor-element-ph4br6m elementor-widget-divider--view-line elementor-widget elementor-widget-divider\" data-id=\"ph4br6m\" data-element_type=\"widget\" data-widget_type=\"divider.default\">\n\t\t\t\t<div class=\"elementor-widget-container\">\n\t\t\t\t\t<div class=\"elementor-divider\">\n\t\t\t<span class=\"elementor-divider-separator\">\n\t\t\t\t\t\t<\/span>\n\t\t<\/div>\n\t\t\t\t<\/div>\n\t\t\t\t<\/div>\n\t\t\t\t<div class=\"elementor-element elementor-element-aavams8 elementor-widget elementor-widget-text-editor\" data-id=\"aavams8\" data-element_type=\"widget\" data-widget_type=\"text-editor.default\">\n\t\t\t\t<div class=\"elementor-widget-container\">\n\t\t\t\t\t\t\t\t<p><span class=\"VIiyi\" lang=\"de\"><span class=\"JLqJ4b ChMk0b\" data-language-for-alternatives=\"de\" data-language-to-translate-into=\"auto\" data-phrase-index=\"0\">Warum nicht?<\/span> <span class=\"JLqJ4b ChMk0b\" data-language-for-alternatives=\"de\" data-language-to-translate-into=\"auto\" data-phrase-index=\"1\">Feiern Sie mit uns Ihre Hochzeit im Oberen Wirt.<\/span> <span class=\"JLqJ4b ChMk0b\" data-language-for-alternatives=\"de\" data-language-to-translate-into=\"auto\" data-phrase-index=\"2\">Wenn Sie an eine intime Hochzeit denken, k\u00f6nnen Sie bis zu 130 G\u00e4ste in unserem Festsaal unterbringen.<\/span> <span class=\"JLqJ4b ChMk0b\" data-language-for-alternatives=\"de\" data-language-to-translate-into=\"auto\" data-phrase-index=\"3\">Dies ist ein charmanter privater Raum mit Tageslicht, der sich auch f\u00fcr kleinere Gesellschaften ab 30 Personen eignet.<br \/><\/span><\/span><\/p><p>\u00a0<\/p>\t\t\t\t\t\t<\/div>\n\t\t\t\t<\/div>\n\t\t\t\t<div class=\"elementor-element elementor-element-cfc35dc elementor-widget elementor-widget-spacer\" data-id=\"cfc35dc\" data-element_type=\"widget\" data-widget_type=\"spacer.default\">\n\t\t\t\t<div class=\"elementor-widget-container\">\n\t\t\t\t\t<div class=\"elementor-spacer\">\n\t\t\t<div class=\"elementor-spacer-inner\"><\/div>\n\t\t<\/div>\n\t\t\t\t<\/div>\n\t\t\t\t<\/div>\n\t\t\t\t\t<\/div>\n\t\t<\/div>\n\t\t\t\t<div class=\"elementor-column elementor-col-50 elementor-top-column elementor-element elementor-element-kzs9kq5\" data-id=\"kzs9kq5\" data-element_type=\"column\">\n\t\t\t<div class=\"elementor-widget-wrap elementor-element-populated\">\n\t\t\t\t\t\t\t\t<section class=\"elementor-section elementor-inner-section elementor-element elementor-element-pbds2fu elementor-section-boxed elementor-section-height-default elementor-section-height-default\" data-id=\"pbds2fu\" data-element_type=\"section\" data-settings=\"{&quot;background_background&quot;:&quot;classic&quot;}\">\n\t\t\t\t\t\t<div class=\"elementor-container elementor-column-gap-default\">\n\t\t\t\t\t<div class=\"elementor-column elementor-col-100 elementor-inner-column elementor-element elementor-element-i8ikwbs\" data-id=\"i8ikwbs\" data-element_type=\"column\">\n\t\t\t<div class=\"elementor-widget-wrap elementor-element-populated\">\n\t\t\t\t\t\t\t\t<div class=\"elementor-element elementor-element-f20kj2h elementor-widget elementor-widget-heading\" data-id=\"f20kj2h\" data-element_type=\"widget\" data-widget_type=\"heading.default\">\n\t\t\t\t<div class=\"elementor-widget-container\">\n\t\t\t<h4 class=\"elementor-heading-title elementor-size-default\">Reservierungen<\/h4>\t\t<\/div>\n\t\t\t\t<\/div>\n\t\t\t\t<div class=\"elementor-element elementor-element-8rfqb8t elementor-widget-divider--view-line elementor-widget elementor-widget-divider\" data-id=\"8rfqb8t\" data-element_type=\"widget\" data-widget_type=\"divider.default\">\n\t\t\t\t<div class=\"elementor-widget-container\">\n\t\t\t\t\t<div class=\"elementor-divider\">\n\t\t\t<span class=\"elementor-divider-separator\">\n\t\t\t\t\t\t<\/span>\n\t\t<\/div>\n\t\t\t\t<\/div>\n\t\t\t\t<\/div>\n\t\t\t\t<div class=\"elementor-element elementor-element-w7bkyp2 elementor-widget elementor-widget-text-editor\" data-id=\"w7bkyp2\" data-element_type=\"widget\" data-widget_type=\"text-editor.default\">\n\t\t\t\t<div class=\"elementor-widget-container\">\n\t\t\t\t\t\t\t\t<p>(+49) 09963-463<br \/>info@oberer-wirt.de<\/p>\t\t\t\t\t\t<\/div>\n\t\t\t\t<\/div>\n\t\t\t\t<div class=\"elementor-element elementor-element-arq4spt elementor-align-center elementor-widget elementor-widget-button\" data-id=\"arq4spt\" data-element_type=\"widget\" data-widget_type=\"button.default\">\n\t\t\t\t<div class=\"elementor-widget-container\">\n\t\t\t\t\t<div class=\"elementor-button-wrapper\">\n\t\t\t<a href=\"https:\/\/www.oberer-wirt.de\/cms\/kontakt\/\" class=\"elementor-button-link elementor-button elementor-size-sm\" role=\"button\">\n\t\t\t\t\t\t<span class=\"elementor-button-content-wrapper\">\n\t\t\t\t\t\t<span class=\"elementor-button-text\">Kontaktanfrage<\/span>\n\t\t<\/span>\n\t\t\t\t\t<\/a>\n\t\t<\/div>\n\t\t\t\t<\/div>\n\t\t\t\t<\/div>\n\t\t\t\t\t<\/div>\n\t\t<\/div>\n\t\t\t\t\t\t\t<\/div>\n\t\t<\/section>\n\t\t\t\t<div class=\"elementor-element elementor-element-d7f42e2 elementor-widget elementor-widget-spacer\" data-id=\"d7f42e2\" data-element_type=\"widget\" data-widget_type=\"spacer.default\">\n\t\t\t\t<div class=\"elementor-widget-container\">\n\t\t\t\t\t<div class=\"elementor-spacer\">\n\t\t\t<div class=\"elementor-spacer-inner\"><\/div>\n\t\t<\/div>\n\t\t\t\t<\/div>\n\t\t\t\t<\/div>\n\t\t\t\t\t<\/div>\n\t\t<\/div>\n\t\t\t\t\t\t\t<\/div>\n\t\t<\/section>\n\t\t\t\t<section class=\"elementor-section elementor-top-section elementor-element elementor-element-3c510c7 elementor-section-boxed elementor-section-height-default elementor-section-height-default\" data-id=\"3c510c7\" data-element_type=\"section\">\n\t\t\t\t\t\t<div class=\"elementor-container elementor-column-gap-default\">\n\t\t\t\t\t<div class=\"elementor-column elementor-col-50 elementor-top-column elementor-element elementor-element-2197b65\" data-id=\"2197b65\" data-element_type=\"column\">\n\t\t\t<div class=\"elementor-widget-wrap elementor-element-populated\">\n\t\t\t\t\t\t\t\t<div class=\"elementor-element elementor-element-xs7639b elementor-widget elementor-widget-heading\" data-id=\"xs7639b\" data-element_type=\"widget\" data-widget_type=\"heading.default\">\n\t\t\t\t<div class=\"elementor-widget-container\">\n\t\t\t<h4 class=\"elementor-heading-title elementor-size-default\">F\u00fcr Veranstaltungen aller Art<\/h4>\t\t<\/div>\n\t\t\t\t<\/div>\n\t\t\t\t<div class=\"elementor-element elementor-element-60lrbpk elementor-widget-divider--view-line elementor-widget elementor-widget-divider\" data-id=\"60lrbpk\" data-element_type=\"widget\" data-widget_type=\"divider.default\">\n\t\t\t\t<div class=\"elementor-widget-container\">\n\t\t\t\t\t<div class=\"elementor-divider\">\n\t\t\t<span class=\"elementor-divider-separator\">\n\t\t\t\t\t\t<\/span>\n\t\t<\/div>\n\t\t\t\t<\/div>\n\t\t\t\t<\/div>\n\t\t\t\t<div class=\"elementor-element elementor-element-1zlt57v elementor-widget elementor-widget-text-editor\" data-id=\"1zlt57v\" data-element_type=\"widget\" data-widget_type=\"text-editor.default\">\n\t\t\t\t<div class=\"elementor-widget-container\">\n\t\t\t\t\t\t\t\t<p><span lang=\"de\">Gerne bereiten wir Veranstaltungen aller Art f\u00fcr Sie vor, z.B. Hochzeiten, Geburtstage, Ehrungen, Versammlungen, Tagungen etc.<\/span><\/p>\t\t\t\t\t\t<\/div>\n\t\t\t\t<\/div>\n\t\t\t\t<div class=\"elementor-element elementor-element-t6voww5 elementor-widget-divider--view-line elementor-widget elementor-widget-divider\" data-id=\"t6voww5\" data-element_type=\"widget\" data-widget_type=\"divider.default\">\n\t\t\t\t<div class=\"elementor-widget-container\">\n\t\t\t\t\t<div class=\"elementor-divider\">\n\t\t\t<span class=\"elementor-divider-separator\">\n\t\t\t\t\t\t<\/span>\n\t\t<\/div>\n\t\t\t\t<\/div>\n\t\t\t\t<\/div>\n\t\t\t\t<div class=\"elementor-element elementor-element-135e494 elementor-widget elementor-widget-image\" data-id=\"135e494\" data-element_type=\"widget\" data-widget_type=\"image.default\">\n\t\t\t\t<div class=\"elementor-widget-container\">\n\t\t\t\t\t\t\t\t\t\t\t\t\t\t\t<img width=\"800\" height=\"475\" src=\"https:\/\/www.oberer-wirt.de\/cms\/wp-content\/uploads\/2021\/04\/IMG-64-800x475.jpg\" class=\"attachment-progression-studios-blog size-progression-studios-blog\" alt=\"Saal\" loading=\"lazy\" \/>\t\t\t\t\t\t\t\t\t\t\t\t\t\t\t<\/div>\n\t\t\t\t<\/div>\n\t\t\t\t\t<\/div>\n\t\t<\/div>\n\t\t\t\t<div class=\"elementor-column elementor-col-50 elementor-top-column elementor-element elementor-element-a57f0ae\" data-id=\"a57f0ae\" data-element_type=\"column\">\n\t\t\t<div class=\"elementor-widget-wrap elementor-element-populated\">\n\t\t\t\t\t\t\t\t<div class=\"elementor-element elementor-element-9d52b86 elementor-widget elementor-widget-spacer\" data-id=\"9d52b86\" data-element_type=\"widget\" data-widget_type=\"spacer.default\">\n\t\t\t\t<div class=\"elementor-widget-container\">\n\t\t\t\t\t<div class=\"elementor-spacer\">\n\t\t\t<div class=\"elementor-spacer-inner\"><\/div>\n\t\t<\/div>\n\t\t\t\t<\/div>\n\t\t\t\t<\/div>\n\t\t\t\t<div class=\"elementor-element elementor-element-0bdc362 elementor-widget elementor-widget-image-gallery\" data-id=\"0bdc362\" data-element_type=\"widget\" data-widget_type=\"image-gallery.default\">\n\t\t\t\t<div class=\"elementor-widget-container\">\n\t\t\t\t\t<div class=\"elementor-image-gallery\">\n\t\t\t\n\t\t<style type=\"text\/css\">\n\t\t\t#gallery-1 {\n\t\t\t\tmargin: auto;\n\t\t\t}\n\t\t\t#gallery-1 .gallery-item {\n\t\t\t\tfloat: left;\n\t\t\t\tmargin-top: 10px;\n\t\t\t\ttext-align: center;\n\t\t\t\twidth: 50%;\n\t\t\t}\n\t\t\t#gallery-1 img {\n\t\t\t\tborder: 2px solid #cfcfcf;\n\t\t\t}\n\t\t\t#gallery-1 .gallery-caption {\n\t\t\t\tmargin-left: 0;\n\t\t\t}\n\t\t\t\/* see gallery_shortcode() in wp-includes\/media.php *\/\n\t\t<\/style>\n\t\t<div id='gallery-1' class='gallery galleryid-195 gallery-columns-2 gallery-size-full'><dl class='gallery-item'>\n\t\t\t<dt class='gallery-icon portrait'>\n\t\t\t\t<a data-elementor-open-lightbox=\"yes\" data-elementor-lightbox-slideshow=\"0bdc362\" data-elementor-lightbox-title=\"Saal\" href='https:\/\/www.oberer-wirt.de\/cms\/wp-content\/uploads\/2021\/04\/IMG-73.jpg'><img width=\"416\" height=\"750\" src=\"https:\/\/www.oberer-wirt.de\/cms\/wp-content\/uploads\/2021\/04\/IMG-73.jpg\" class=\"attachment-full size-full\" alt=\"Saal\" loading=\"lazy\" srcset=\"https:\/\/www.oberer-wirt.de\/cms\/wp-content\/uploads\/2021\/04\/IMG-73.jpg 416w, https:\/\/www.oberer-wirt.de\/cms\/wp-content\/uploads\/2021\/04\/IMG-73-166x300.jpg 166w\" sizes=\"(max-width: 416px) 100vw, 416px\" \/><\/a>\n\t\t\t<\/dt><\/dl><dl class='gallery-item'>\n\t\t\t<dt class='gallery-icon portrait'>\n\t\t\t\t<a data-elementor-open-lightbox=\"yes\" data-elementor-lightbox-slideshow=\"0bdc362\" data-elementor-lightbox-title=\"Festsaal\" href='https:\/\/www.oberer-wirt.de\/cms\/wp-content\/uploads\/2021\/04\/IMG-622.jpg'><img width=\"416\" height=\"750\" src=\"https:\/\/www.oberer-wirt.de\/cms\/wp-content\/uploads\/2021\/04\/IMG-622.jpg\" class=\"attachment-full size-full\" alt=\"Festsaal 2\" loading=\"lazy\" srcset=\"https:\/\/www.oberer-wirt.de\/cms\/wp-content\/uploads\/2021\/04\/IMG-622.jpg 416w, https:\/\/www.oberer-wirt.de\/cms\/wp-content\/uploads\/2021\/04\/IMG-622-166x300.jpg 166w\" sizes=\"(max-width: 416px) 100vw, 416px\" \/><\/a>\n\t\t\t<\/dt><\/dl><br style=\"clear: both\" \/>\n\t\t<\/div>\n\t\t<\/div>\n\t\t\t\t<\/div>\n\t\t\t\t<\/div>\n\t\t\t\t\t<\/div>\n\t\t<\/div>\n\t\t\t\t\t\t\t<\/div>\n\t\t<\/section>\n\t\t\t\t\t\t<\/div>\n\t\t\t\t\t<\/div>\n\t\t","protected":false},"excerpt":{"rendered":"<p>Grosser Festsaal Warum nicht? Feiern Sie mit uns Ihre Hochzeit im Oberen Wirt. Wenn Sie an eine intime Hochzeit denken, k\u00f6nnen Sie bis zu 130 G\u00e4ste in unserem Festsaal unterbringen. Dies ist ein charmanter privater Raum mit Tageslicht, der sich auch f\u00fcr kleinere Gesellschaften ab 30 Personen eignet. \u00a0 Reservierungen Kontaktanfrage F\u00fcr Veranstaltungen aller Art [&hellip;]<\/p>\n","protected":false},"author":1,"featured_media":0,"parent":0,"menu_order":0,"comment_status":"closed","ping_status":"closed","template":"","meta":[],"_links":{"self":[{"href":"https:\/\/www.oberer-wirt.de\/cms\/wp-json\/wp\/v2\/pages\/195"}],"collection":[{"href":"https:\/\/www.oberer-wirt.de\/cms\/wp-json\/wp\/v2\/pages"}],"about":[{"href":"https:\/\/www.oberer-wirt.de\/cms\/wp-json\/wp\/v2\/types\/page"}],"author":[{"embeddable":true,"href":"https:\/\/www.oberer-wirt.de\/cms\/wp-json\/wp\/v2\/users\/1"}],"replies":[{"embeddable":true,"href":"https:\/\/www.oberer-wirt.de\/cms\/wp-json\/wp\/v2\/comments?post=195"}],"version-history":[{"count":18,"href":"https:\/\/www.oberer-wirt.de\/cms\/wp-json\/wp\/v2\/pages\/195\/revisions"}],"predecessor-version":[{"id":1944,"href":"https:\/\/www.oberer-wirt.de\/cms\/wp-json\/wp\/v2\/pages\/195\/revisions\/1944"}],"wp:attachment":[{"href":"https:\/\/www.oberer-wirt.de\/cms\/wp-json\/wp\/v2\/media?parent=195"}],"curies":[{"name":"wp","href":"https:\/\/api.w.org\/{rel}","templated":true}]}}