{"id":163,"date":"2017-03-29T06:30:36","date_gmt":"2017-03-29T04:30:36","guid":{"rendered":"https:\/\/happy-inn.progressionstudios.com\/?page_id=163"},"modified":"2025-12-28T19:12:22","modified_gmt":"2025-12-28T18:12:22","slug":"gaststube","status":"publish","type":"page","link":"https:\/\/www.oberer-wirt.de\/cms\/gaststube\/","title":{"rendered":"Gaststube"},"content":{"rendered":"\t\t<div data-elementor-type=\"wp-page\" data-elementor-id=\"163\" class=\"elementor elementor-163\" data-elementor-settings=\"[]\">\n\t\t\t\t\t\t\t<div class=\"elementor-section-wrap\">\n\t\t\t\t\t\t\t<section class=\"elementor-section elementor-top-section elementor-element elementor-element-znrvapa elementor-section-boxed elementor-section-height-default elementor-section-height-default\" data-id=\"znrvapa\" data-element_type=\"section\" data-settings=\"{&quot;background_background&quot;:&quot;classic&quot;}\">\n\t\t\t\t\t\t<div class=\"elementor-container elementor-column-gap-default\">\n\t\t\t\t\t<div class=\"elementor-column elementor-col-100 elementor-top-column elementor-element elementor-element-wzzavho\" data-id=\"wzzavho\" data-element_type=\"column\" data-settings=\"{&quot;background_background&quot;:&quot;classic&quot;}\">\n\t\t\t<div class=\"elementor-widget-wrap elementor-element-populated\">\n\t\t\t\t\t\t\t\t<div class=\"elementor-element elementor-element-gnkweqp elementor-widget elementor-widget-heading\" data-id=\"gnkweqp\" data-element_type=\"widget\" data-widget_type=\"heading.default\">\n\t\t\t\t<div class=\"elementor-widget-container\">\n\t\t\t<h2 class=\"elementor-heading-title elementor-size-default\">Unsere Gaststube<\/h2>\t\t<\/div>\n\t\t\t\t<\/div>\n\t\t\t\t\t<\/div>\n\t\t<\/div>\n\t\t\t\t\t\t\t<\/div>\n\t\t<\/section>\n\t\t\t\t<section class=\"elementor-section elementor-top-section elementor-element elementor-element-d3d082e elementor-section-boxed elementor-section-height-default elementor-section-height-default\" data-id=\"d3d082e\" data-element_type=\"section\">\n\t\t\t\t\t\t<div class=\"elementor-container elementor-column-gap-default\">\n\t\t\t\t\t<div class=\"elementor-column elementor-col-33 elementor-top-column elementor-element elementor-element-67cce41\" data-id=\"67cce41\" data-element_type=\"column\">\n\t\t\t<div class=\"elementor-widget-wrap elementor-element-populated\">\n\t\t\t\t\t\t\t\t<div class=\"elementor-element elementor-element-80ab45b elementor-widget elementor-widget-spacer\" data-id=\"80ab45b\" data-element_type=\"widget\" data-widget_type=\"spacer.default\">\n\t\t\t\t<div class=\"elementor-widget-container\">\n\t\t\t\t\t<div class=\"elementor-spacer\">\n\t\t\t<div class=\"elementor-spacer-inner\"><\/div>\n\t\t<\/div>\n\t\t\t\t<\/div>\n\t\t\t\t<\/div>\n\t\t\t\t<div class=\"elementor-element elementor-element-31ijs97 elementor-widget elementor-widget-heading\" data-id=\"31ijs97\" data-element_type=\"widget\" data-widget_type=\"heading.default\">\n\t\t\t\t<div class=\"elementor-widget-container\">\n\t\t\t<h5 class=\"elementor-heading-title elementor-size-default\">Unsere liebevoll eingerichtete Gaststube bietet Platz f\u00fcr      ca. 60 G\u00e4ste. Bei sch\u00f6nem Wetter l\u00e4dt unsere \u00fcberdachte Terrasse zum gem\u00fctlichen Verweilen ein.<\/h5>\t\t<\/div>\n\t\t\t\t<\/div>\n\t\t\t\t<div class=\"elementor-element elementor-element-lvmqp79 elementor-widget elementor-widget-text-editor\" data-id=\"lvmqp79\" data-element_type=\"widget\" data-widget_type=\"text-editor.default\">\n\t\t\t\t<div class=\"elementor-widget-container\">\n\t\t\t\t\t\t\t\t<div>Hier verw\u00f6hnen wir Sie donnerstags mit hausgemachten Pizzen aus dem Steinofen sowie weiteren Spezialit\u00e4ten.<\/div><div>An Sonn- und Feiertagen bereiten wir traditionell Bayerische Schmankerl f\u00fcr Sie zu.<\/div>\t\t\t\t\t\t<\/div>\n\t\t\t\t<\/div>\n\t\t\t\t\t<\/div>\n\t\t<\/div>\n\t\t\t\t<div class=\"elementor-column elementor-col-33 elementor-top-column elementor-element elementor-element-0d201b5\" data-id=\"0d201b5\" data-element_type=\"column\">\n\t\t\t<div class=\"elementor-widget-wrap elementor-element-populated\">\n\t\t\t\t\t\t\t\t<div class=\"elementor-element elementor-element-c43df55 elementor-hidden-tablet elementor-hidden-phone elementor-widget elementor-widget-image-carousel\" data-id=\"c43df55\" data-element_type=\"widget\" data-settings=\"{&quot;slides_to_show&quot;:&quot;1&quot;,&quot;navigation&quot;:&quot;none&quot;,&quot;autoplay_speed&quot;:7000,&quot;speed&quot;:2000,&quot;autoplay&quot;:&quot;yes&quot;,&quot;pause_on_hover&quot;:&quot;yes&quot;,&quot;pause_on_interaction&quot;:&quot;yes&quot;,&quot;infinite&quot;:&quot;yes&quot;,&quot;effect&quot;:&quot;slide&quot;}\" data-widget_type=\"image-carousel.default\">\n\t\t\t\t<div class=\"elementor-widget-container\">\n\t\t\t\t\t<div class=\"elementor-image-carousel-wrapper swiper-container\" dir=\"ltr\">\n\t\t\t<div class=\"elementor-image-carousel swiper-wrapper\">\n\t\t\t\t<div class=\"swiper-slide\"><figure class=\"swiper-slide-inner\"><img class=\"swiper-slide-image\" src=\"https:\/\/www.oberer-wirt.de\/cms\/wp-content\/uploads\/2021\/04\/IMG-158.jpg\" alt=\"Gaststube\" \/><\/figure><\/div><div class=\"swiper-slide\"><figure class=\"swiper-slide-inner\"><img class=\"swiper-slide-image\" src=\"https:\/\/www.oberer-wirt.de\/cms\/wp-content\/uploads\/2021\/04\/IMG-143.jpg\" alt=\"Gaststube\" \/><\/figure><\/div>\t\t\t<\/div>\n\t\t\t\t\t\t\t\t\t\t\t\t\t\t\t\t<\/div>\n\t\t\t\t<\/div>\n\t\t\t\t<\/div>\n\t\t\t\t\t<\/div>\n\t\t<\/div>\n\t\t\t\t<div class=\"elementor-column elementor-col-33 elementor-top-column elementor-element elementor-element-b5bf14f\" data-id=\"b5bf14f\" data-element_type=\"column\">\n\t\t\t<div class=\"elementor-widget-wrap elementor-element-populated\">\n\t\t\t\t\t\t\t\t<div class=\"elementor-element elementor-element-44140ee elementor-widget elementor-widget-image\" data-id=\"44140ee\" data-element_type=\"widget\" data-widget_type=\"image.default\">\n\t\t\t\t<div class=\"elementor-widget-container\">\n\t\t\t\t\t\t\t\t\t\t\t\t\t\t\t<img width=\"1024\" height=\"597\" src=\"https:\/\/www.oberer-wirt.de\/cms\/wp-content\/uploads\/2021\/04\/IMG-24-1024x597.jpg\" class=\"attachment-large size-large\" alt=\"Gaststube\" loading=\"lazy\" srcset=\"https:\/\/www.oberer-wirt.de\/cms\/wp-content\/uploads\/2021\/04\/IMG-24-1024x597.jpg 1024w, https:\/\/www.oberer-wirt.de\/cms\/wp-content\/uploads\/2021\/04\/IMG-24-300x175.jpg 300w, https:\/\/www.oberer-wirt.de\/cms\/wp-content\/uploads\/2021\/04\/IMG-24-768x448.jpg 768w, https:\/\/www.oberer-wirt.de\/cms\/wp-content\/uploads\/2021\/04\/IMG-24.jpg 1200w\" sizes=\"(max-width: 1024px) 100vw, 1024px\" \/>\t\t\t\t\t\t\t\t\t\t\t\t\t\t\t<\/div>\n\t\t\t\t<\/div>\n\t\t\t\t<div class=\"elementor-element elementor-element-fdf1dd5 elementor-widget elementor-widget-image\" data-id=\"fdf1dd5\" data-element_type=\"widget\" data-widget_type=\"image.default\">\n\t\t\t\t<div class=\"elementor-widget-container\">\n\t\t\t\t\t\t\t\t\t\t\t\t\t\t\t<img width=\"1024\" height=\"597\" src=\"https:\/\/www.oberer-wirt.de\/cms\/wp-content\/uploads\/2021\/04\/Garten-2-1024x597.jpg\" class=\"attachment-large size-large\" alt=\"Terrasse\" loading=\"lazy\" srcset=\"https:\/\/www.oberer-wirt.de\/cms\/wp-content\/uploads\/2021\/04\/Garten-2-1024x597.jpg 1024w, https:\/\/www.oberer-wirt.de\/cms\/wp-content\/uploads\/2021\/04\/Garten-2-300x175.jpg 300w, https:\/\/www.oberer-wirt.de\/cms\/wp-content\/uploads\/2021\/04\/Garten-2-768x448.jpg 768w, https:\/\/www.oberer-wirt.de\/cms\/wp-content\/uploads\/2021\/04\/Garten-2.jpg 1200w\" sizes=\"(max-width: 1024px) 100vw, 1024px\" \/>\t\t\t\t\t\t\t\t\t\t\t\t\t\t\t<\/div>\n\t\t\t\t<\/div>\n\t\t\t\t\t<\/div>\n\t\t<\/div>\n\t\t\t\t\t\t\t<\/div>\n\t\t<\/section>\n\t\t\t\t<section class=\"elementor-section elementor-top-section elementor-element elementor-element-9622c94 elementor-section-boxed elementor-section-height-default elementor-section-height-default\" data-id=\"9622c94\" data-element_type=\"section\">\n\t\t\t\t\t\t<div class=\"elementor-container elementor-column-gap-default\">\n\t\t\t\t\t\t\t\t<\/div>\n\t\t<\/section>\n\t\t\t\t<section class=\"elementor-section elementor-top-section elementor-element elementor-element-6fba563 elementor-section-boxed elementor-section-height-default elementor-section-height-default\" data-id=\"6fba563\" data-element_type=\"section\">\n\t\t\t\t\t\t<div class=\"elementor-container elementor-column-gap-default\">\n\t\t\t\t\t<div class=\"elementor-column elementor-col-100 elementor-top-column elementor-element elementor-element-c7dc367\" data-id=\"c7dc367\" data-element_type=\"column\">\n\t\t\t<div class=\"elementor-widget-wrap elementor-element-populated\">\n\t\t\t\t\t\t\t\t<div class=\"elementor-element elementor-element-bb8e3d4 elementor-widget elementor-widget-spacer\" data-id=\"bb8e3d4\" data-element_type=\"widget\" data-widget_type=\"spacer.default\">\n\t\t\t\t<div class=\"elementor-widget-container\">\n\t\t\t\t\t<div class=\"elementor-spacer\">\n\t\t\t<div class=\"elementor-spacer-inner\"><\/div>\n\t\t<\/div>\n\t\t\t\t<\/div>\n\t\t\t\t<\/div>\n\t\t\t\t\t<\/div>\n\t\t<\/div>\n\t\t\t\t\t\t\t<\/div>\n\t\t<\/section>\n\t\t\t\t<section class=\"elementor-section elementor-top-section elementor-element elementor-element-1c53f8d elementor-section-boxed elementor-section-height-default elementor-section-height-default\" data-id=\"1c53f8d\" data-element_type=\"section\">\n\t\t\t\t\t\t<div class=\"elementor-container elementor-column-gap-default\">\n\t\t\t\t\t<div class=\"elementor-column elementor-col-33 elementor-top-column elementor-element elementor-element-db03751\" data-id=\"db03751\" data-element_type=\"column\">\n\t\t\t<div class=\"elementor-widget-wrap\">\n\t\t\t\t\t\t\t\t\t<\/div>\n\t\t<\/div>\n\t\t\t\t<div class=\"elementor-column elementor-col-33 elementor-top-column elementor-element elementor-element-4e19c96\" data-id=\"4e19c96\" data-element_type=\"column\">\n\t\t\t<div class=\"elementor-widget-wrap elementor-element-populated\">\n\t\t\t\t\t\t\t\t<div class=\"elementor-element elementor-element-7181540 elementor-view-default elementor-widget elementor-widget-icon\" data-id=\"7181540\" data-element_type=\"widget\" data-widget_type=\"icon.default\">\n\t\t\t\t<div class=\"elementor-widget-container\">\n\t\t\t\t\t<div class=\"elementor-icon-wrapper\">\n\t\t\t<a class=\"elementor-icon\" href=\"\">\n\t\t\t\t\t\t<\/a>\n\t\t<\/div>\n\t\t\t\t<\/div>\n\t\t\t\t<\/div>\n\t\t\t\t\t<\/div>\n\t\t<\/div>\n\t\t\t\t<div class=\"elementor-column elementor-col-33 elementor-top-column elementor-element elementor-element-eb70007\" data-id=\"eb70007\" data-element_type=\"column\" data-settings=\"{&quot;background_background&quot;:&quot;classic&quot;}\">\n\t\t\t<div class=\"elementor-widget-wrap elementor-element-populated\">\n\t\t\t\t\t\t\t\t<div class=\"elementor-element elementor-element-upuvsts elementor-widget elementor-widget-heading\" data-id=\"upuvsts\" data-element_type=\"widget\" data-widget_type=\"heading.default\">\n\t\t\t\t<div class=\"elementor-widget-container\">\n\t\t\t<h3 class=\"elementor-heading-title elementor-size-default\">\u00d6ffnungszeiten:<\/h3>\t\t<\/div>\n\t\t\t\t<\/div>\n\t\t\t\t<div class=\"elementor-element elementor-element-f81tpno elementor-widget elementor-widget-text-editor\" data-id=\"f81tpno\" data-element_type=\"widget\" data-widget_type=\"text-editor.default\">\n\t\t\t\t<div class=\"elementor-widget-container\">\n\t\t\t\t\t\t\t\t<p>Donnerstags ab 14 Uhr<br \/>Sonn- und Feiertags 11 Uhr &#8211; 15 Uhr<\/p>\t\t\t\t\t\t<\/div>\n\t\t\t\t<\/div>\n\t\t\t\t\t<\/div>\n\t\t<\/div>\n\t\t\t\t\t\t\t<\/div>\n\t\t<\/section>\n\t\t\t\t\t\t<\/div>\n\t\t\t\t\t<\/div>\n\t\t","protected":false},"excerpt":{"rendered":"<p>Unsere Gaststube Unsere liebevoll eingerichtete Gaststube bietet Platz f\u00fcr ca. 60 G\u00e4ste. Bei sch\u00f6nem Wetter l\u00e4dt unsere \u00fcberdachte Terrasse zum gem\u00fctlichen Verweilen ein. Hier verw\u00f6hnen wir Sie donnerstags mit hausgemachten Pizzen aus dem Steinofen sowie weiteren Spezialit\u00e4ten.An Sonn- und Feiertagen bereiten wir traditionell Bayerische Schmankerl f\u00fcr Sie zu. \u00d6ffnungszeiten: Donnerstags ab 14 UhrSonn- und Feiertags [&hellip;]<\/p>\n","protected":false},"author":1,"featured_media":0,"parent":0,"menu_order":0,"comment_status":"closed","ping_status":"closed","template":"","meta":[],"_links":{"self":[{"href":"https:\/\/www.oberer-wirt.de\/cms\/wp-json\/wp\/v2\/pages\/163"}],"collection":[{"href":"https:\/\/www.oberer-wirt.de\/cms\/wp-json\/wp\/v2\/pages"}],"about":[{"href":"https:\/\/www.oberer-wirt.de\/cms\/wp-json\/wp\/v2\/types\/page"}],"author":[{"embeddable":true,"href":"https:\/\/www.oberer-wirt.de\/cms\/wp-json\/wp\/v2\/users\/1"}],"replies":[{"embeddable":true,"href":"https:\/\/www.oberer-wirt.de\/cms\/wp-json\/wp\/v2\/comments?post=163"}],"version-history":[{"count":72,"href":"https:\/\/www.oberer-wirt.de\/cms\/wp-json\/wp\/v2\/pages\/163\/revisions"}],"predecessor-version":[{"id":3970,"href":"https:\/\/www.oberer-wirt.de\/cms\/wp-json\/wp\/v2\/pages\/163\/revisions\/3970"}],"wp:attachment":[{"href":"https:\/\/www.oberer-wirt.de\/cms\/wp-json\/wp\/v2\/media?parent=163"}],"curies":[{"name":"wp","href":"https:\/\/api.w.org\/{rel}","templated":true}]}}